{"id":678,"date":"2015-01-20T15:22:24","date_gmt":"2015-01-20T15:22:24","guid":{"rendered":"http:\/\/cisapuni.uniroma2.it\/?page_id=678"},"modified":"2022-05-24T10:33:09","modified_gmt":"2022-05-24T08:33:09","slug":"chi-siamo","status":"publish","type":"page","link":"https:\/\/snals.uniroma2.it\/?page_id=678","title":{"rendered":"Chi siamo"},"content":{"rendered":"<p style=\"text-align: justify;\">La nostra storia.<\/p>\n<p style=\"text-align: justify;\">La CONFSAL. \u00e8 nata nel luglio del 1979 per volont\u00e0 di due forti formazioni autonome, lo SNALS e l&#8217;UNSA gi\u00e0 da molti anni e positivamente alla ribalta del vasto scenario sindacale italiano.<br \/>\nLo scopo che indusse queste due forti strutture sindacali a dar vita ad una nuova Confederazione non si configur\u00f2 come punto di arrivo, ma come base di partenza per tentare la totale unificazione del sindacalismo Autonomo Italiano.<br \/>\nIn questo contesto la CONFSAL. si pose e tutt&#8217;oggi opera e si muove come punto di riferimento e polo aggregante per accelerare questo processo.<br \/>\nLe linee ispiratrici della politica sindacale di questa nuova Confederazione sono riassunte nel documento politico programmatico, parte integrante dell&#8217;Atto Costitutivo della CONFSAL..<br \/>\nIn esso vengono efficacemente riaffermati i valori morali, culturali e umani che hanno contraddistinto nel tempo l&#8217;azione dell&#8217;intero sindacalismo autonomo.<br \/>\nLa CONF.S.A.L., infatti, si prefigge di operare per la &#8220;realizzazione della tutela e della valorizzazione della persona umana del lavoratore inteso come fondamentale protagonista della vita economica e sociale del Paese&#8221;.<br \/>\nL&#8217;organizzazione della struttura e l&#8217;iniziativa operativa della CONFSAL. \u00e8 conseguentemente ancorata a saldi principi di democrazia, pluralismo e indipendenza come supporti necessari finalizzati a garantire un effettivo protagonismo partecipativo.<br \/>\nInterpretando, altres\u00ec, le aspettative del mondo del lavoro deluso dalla politica dei sindacati a forte caratterizzazione ideologico-partitica, la nostra Confederazione si propone di perseguire e raggiungere nel tempo e in un contesto unitario con le altre formazioni autonome i seguenti obiettivi:<br \/>\ncreare una valida alternativa al sindacalismo ideologico che spesso si \u00e8 mosso in una visione ristretta o distorta degli interessi del mondo del lavoro;<br \/>\n&#8211; affermare una linea di azione sindacale meno rituale e demagogica e quindi pi\u00f9 sollecita a porre la propria attenzione agli interessi generali della collettivit\u00e0;<br \/>\n&#8211; ricercare la perequazione e l&#8217;indispensabile giustizia retributiva dei lavoratori in una visione tesa all&#8217;affermazione ed esaltazione della professionalit\u00e0 e della meritocrazia;<br \/>\n&#8211; attivare adeguate strategie di promozione sociale finalizzate al recupero del sistema economico per garantire pi\u00f9 alti livelli di qualit\u00e0 della vita di tutti i lavoratori.<\/p>\n<p style=\"text-align: justify;\">\n","protected":false},"excerpt":{"rendered":"<p>La nostra storia. La CONFSAL. \u00e8 nata nel luglio del 1979 per volont\u00e0 di due forti formazioni autonome, lo SNALS e l&#8217;UNSA gi\u00e0 da molti anni e positivamente alla ribalta del vasto scenario sindacale italiano. Lo scopo che indusse queste<\/p>\n","protected":false},"author":1,"featured_media":0,"parent":0,"menu_order":0,"comment_status":"closed","ping_status":"open","template":"","meta":{"footnotes":""},"class_list":["post-678","page","type-page","status-publish","hentry"],"_links":{"self":[{"href":"https:\/\/snals.uniroma2.it\/index.php?rest_route=\/wp\/v2\/pages\/678","targetHints":{"allow":["GET"]}}],"collection":[{"href":"https:\/\/snals.uniroma2.it\/index.php?rest_route=\/wp\/v2\/pages"}],"about":[{"href":"https:\/\/snals.uniroma2.it\/index.php?rest_route=\/wp\/v2\/types\/page"}],"author":[{"embeddable":true,"href":"https:\/\/snals.uniroma2.it\/index.php?rest_route=\/wp\/v2\/users\/1"}],"replies":[{"embeddable":true,"href":"https:\/\/snals.uniroma2.it\/index.php?rest_route=%2Fwp%2Fv2%2Fcomments&post=678"}],"version-history":[{"count":1,"href":"https:\/\/snals.uniroma2.it\/index.php?rest_route=\/wp\/v2\/pages\/678\/revisions"}],"predecessor-version":[{"id":1994,"href":"https:\/\/snals.uniroma2.it\/index.php?rest_route=\/wp\/v2\/pages\/678\/revisions\/1994"}],"wp:attachment":[{"href":"https:\/\/snals.uniroma2.it\/index.php?rest_route=%2Fwp%2Fv2%2Fmedia&parent=678"}],"curies":[{"name":"wp","href":"https:\/\/api.w.org\/{rel}","templated":true}]}}